{"id":149,"date":"2020-06-03T14:35:45","date_gmt":"2020-06-03T12:35:45","guid":{"rendered":"http:\/\/myken.eu\/?page_id=149"},"modified":"2020-06-15T12:04:14","modified_gmt":"2020-06-15T10:04:14","slug":"main","status":"publish","type":"page","link":"http:\/\/myken.eu\/","title":{"rendered":"Main"},"content":{"rendered":"\t\t<div data-elementor-type=\"wp-page\" data-elementor-id=\"149\" class=\"elementor elementor-149\">\n\t\t\t\t\t\t<div class=\"elementor-inner\">\n\t\t\t\t<div class=\"elementor-section-wrap\">\n\t\t\t\t\t\t\t\t\t<section class=\"elementor-section elementor-top-section elementor-element elementor-element-287dcd9a elementor-section-content-middle elementor-section-height-full elementor-section-boxed elementor-section-height-default elementor-section-items-middle\" data-id=\"287dcd9a\" data-element_type=\"section\" data-settings=\"{&quot;background_background&quot;:&quot;classic&quot;}\">\n\t\t\t\t\t\t\t<div class=\"elementor-background-overlay\"><\/div>\n\t\t\t\t\t\t\t<div class=\"elementor-container elementor-column-gap-no\">\n\t\t\t\t\t\t\t<div class=\"elementor-row\">\n\t\t\t\t\t<div class=\"elementor-column elementor-col-100 elementor-top-column elementor-element elementor-element-41f646c5\" data-id=\"41f646c5\" data-element_type=\"column\">\n\t\t\t<div class=\"elementor-column-wrap elementor-element-populated\">\n\t\t\t\t\t\t\t<div class=\"elementor-widget-wrap\">\n\t\t\t\t\t\t<section class=\"elementor-section elementor-inner-section elementor-element elementor-element-80f0974 elementor-section-boxed elementor-section-height-default elementor-section-height-default\" data-id=\"80f0974\" data-element_type=\"section\">\n\t\t\t\t\t\t<div class=\"elementor-container elementor-column-gap-extended\">\n\t\t\t\t\t\t\t<div class=\"elementor-row\">\n\t\t\t\t\t<div class=\"elementor-column elementor-col-33 elementor-inner-column elementor-element elementor-element-75d457ad\" data-id=\"75d457ad\" data-element_type=\"column\">\n\t\t\t<div class=\"elementor-column-wrap elementor-element-populated\">\n\t\t\t\t\t\t\t<div class=\"elementor-widget-wrap\">\n\t\t\t\t\t\t<div class=\"elementor-element elementor-element-7e93afa elementor-invisible elementor-widget elementor-widget-image\" data-id=\"7e93afa\" data-element_type=\"widget\" data-settings=\"{&quot;_animation&quot;:&quot;fadeInUp&quot;}\" data-widget_type=\"image.default\">\n\t\t\t\t<div class=\"elementor-widget-container\">\n\t\t\t\t\t\t\t\t<div class=\"elementor-image\">\n\t\t\t\t\t\t\t\t\t\t\t\t\t<a href=\"http:\/\/myken-dachy.pl\/home\/\">\n\t\t\t\t\t\t\t<img width=\"300\" height=\"201\" src=\"http:\/\/myken.eu\/wp-content\/uploads\/2020\/06\/LOGO-BIa\u0142e-dachy3.png\" class=\"attachment-medium size-medium\" alt=\"\" \/>\t\t\t\t\t\t\t\t<\/a>\n\t\t\t\t\t\t\t\t\t\t\t\t\t\t<\/div>\n\t\t\t\t\t\t<\/div>\n\t\t\t\t<\/div>\n\t\t\t\t\t\t<\/div>\n\t\t\t\t\t<\/div>\n\t\t<\/div>\n\t\t\t\t<div class=\"elementor-column elementor-col-33 elementor-inner-column elementor-element elementor-element-56659c72\" data-id=\"56659c72\" data-element_type=\"column\">\n\t\t\t<div class=\"elementor-column-wrap elementor-element-populated\">\n\t\t\t\t\t\t\t<div class=\"elementor-widget-wrap\">\n\t\t\t\t\t\t<div class=\"elementor-element elementor-element-7a3ac749 elementor-invisible elementor-widget elementor-widget-text-editor\" data-id=\"7a3ac749\" data-element_type=\"widget\" data-settings=\"{&quot;_animation&quot;:&quot;fadeInDown&quot;}\" data-widget_type=\"text-editor.default\">\n\t\t\t\t<div class=\"elementor-widget-container\">\n\t\t\t\t\t\t\t\t<div class=\"elementor-text-editor elementor-clearfix\">\n\t\t\t\t<p>myken development<\/p>\t\t\t\t\t<\/div>\n\t\t\t\t\t\t<\/div>\n\t\t\t\t<\/div>\n\t\t\t\t<div class=\"elementor-element elementor-element-56c0b7a8 animated-slow elementor-invisible elementor-widget elementor-widget-heading\" data-id=\"56c0b7a8\" data-element_type=\"widget\" data-settings=\"{&quot;_animation&quot;:&quot;fadeIn&quot;,&quot;_animation_delay&quot;:600}\" data-widget_type=\"heading.default\">\n\t\t\t\t<div class=\"elementor-widget-container\">\n\t\t\t<h2 class=\"elementor-heading-title elementor-size-default\">Wybierz DZia\u0142<\/h2>\t\t<\/div>\n\t\t\t\t<\/div>\n\t\t\t\t<div class=\"elementor-element elementor-element-63d57bc8 elementor-widget-divider--view-line elementor-invisible elementor-widget elementor-widget-divider\" data-id=\"63d57bc8\" data-element_type=\"widget\" data-settings=\"{&quot;_animation&quot;:&quot;fadeInUp&quot;}\" data-widget_type=\"divider.default\">\n\t\t\t\t<div class=\"elementor-widget-container\">\n\t\t\t\t\t<div class=\"elementor-divider\">\n\t\t\t<span class=\"elementor-divider-separator\">\n\t\t\t\t\t\t<\/span>\n\t\t<\/div>\n\t\t\t\t<\/div>\n\t\t\t\t<\/div>\n\t\t\t\t\t\t<\/div>\n\t\t\t\t\t<\/div>\n\t\t<\/div>\n\t\t\t\t<div class=\"elementor-column elementor-col-33 elementor-inner-column elementor-element elementor-element-6acaa58a\" data-id=\"6acaa58a\" data-element_type=\"column\">\n\t\t\t<div class=\"elementor-column-wrap elementor-element-populated\">\n\t\t\t\t\t\t\t<div class=\"elementor-widget-wrap\">\n\t\t\t\t\t\t<div class=\"elementor-element elementor-element-d48f448 elementor-invisible elementor-widget elementor-widget-image\" data-id=\"d48f448\" data-element_type=\"widget\" data-settings=\"{&quot;_animation&quot;:&quot;fadeInDown&quot;}\" data-widget_type=\"image.default\">\n\t\t\t\t<div class=\"elementor-widget-container\">\n\t\t\t\t\t\t\t\t<div class=\"elementor-image\">\n\t\t\t\t\t\t\t\t\t\t\t\t\t<a href=\"http:\/\/myken.eu\/index.php\/home\/\">\n\t\t\t\t\t\t\t<img width=\"300\" height=\"201\" src=\"http:\/\/myken.eu\/wp-content\/uploads\/2020\/06\/LOGO-BIa\u0142e.png\" class=\"attachment-medium size-medium\" alt=\"\" \/>\t\t\t\t\t\t\t\t<\/a>\n\t\t\t\t\t\t\t\t\t\t\t\t\t\t<\/div>\n\t\t\t\t\t\t<\/div>\n\t\t\t\t<\/div>\n\t\t\t\t\t\t<\/div>\n\t\t\t\t\t<\/div>\n\t\t<\/div>\n\t\t\t\t\t\t\t\t<\/div>\n\t\t\t\t\t<\/div>\n\t\t<\/section>\n\t\t\t\t\t\t<\/div>\n\t\t\t\t\t<\/div>\n\t\t<\/div>\n\t\t\t\t\t\t\t\t<\/div>\n\t\t\t\t\t<\/div>\n\t\t<\/section>\n\t\t\t\t\t\t\t\t\t<\/div>\n\t\t\t<\/div>\n\t\t\t\t\t<\/div>\n\t\t","protected":false},"excerpt":{"rendered":"<p>myken development Wybierz DZia\u0142<\/p>\n","protected":false},"author":1,"featured_media":0,"parent":0,"menu_order":0,"comment_status":"closed","ping_status":"closed","template":"elementor_canvas","meta":{"_monsterinsights_skip_tracking":false,"_monsterinsights_sitenote_active":false,"_monsterinsights_sitenote_note":"","_monsterinsights_sitenote_category":0},"yoast_head":"<!-- This site is optimized with the Yoast SEO plugin v19.1 - https:\/\/yoast.com\/wordpress\/plugins\/seo\/ -->\n<title>Main | Budownictwo | Myken Development<\/title>\n<meta name=\"robots\" content=\"index, follow, max-snippet:-1, max-image-preview:large, max-video-preview:-1\" \/>\n<link rel=\"canonical\" href=\"https:\/\/myken.eu\/\" \/>\n<meta property=\"og:locale\" content=\"pl_PL\" \/>\n<meta property=\"og:type\" content=\"article\" \/>\n<meta property=\"og:title\" content=\"Main | Budownictwo | Myken Development\" \/>\n<meta property=\"og:description\" content=\"myken development Wybierz DZia\u0142\" \/>\n<meta property=\"og:url\" content=\"https:\/\/myken.eu\/\" \/>\n<meta property=\"og:site_name\" content=\"Budownictwo | Myken Development\" \/>\n<meta property=\"article:modified_time\" content=\"2020-06-15T10:04:14+00:00\" \/>\n<meta name=\"twitter:card\" content=\"summary_large_image\" \/>\n<script type=\"application\/ld+json\" class=\"yoast-schema-graph\">{\"@context\":\"https:\/\/schema.org\",\"@graph\":[{\"@type\":\"Organization\",\"@id\":\"https:\/\/myken.eu\/#organization\",\"name\":\"Myken Development\",\"url\":\"https:\/\/myken.eu\/\",\"sameAs\":[],\"logo\":{\"@type\":\"ImageObject\",\"inLanguage\":\"pl-PL\",\"@id\":\"https:\/\/myken.eu\/#\/schema\/logo\/image\/\",\"url\":\"http:\/\/myken.eu\/wp-content\/uploads\/2020\/02\/Myken-logo-budownictwo.png\",\"contentUrl\":\"http:\/\/myken.eu\/wp-content\/uploads\/2020\/02\/Myken-logo-budownictwo.png\",\"width\":300,\"height\":201,\"caption\":\"Myken Development\"},\"image\":{\"@id\":\"https:\/\/myken.eu\/#\/schema\/logo\/image\/\"}},{\"@type\":\"WebSite\",\"@id\":\"https:\/\/myken.eu\/#website\",\"url\":\"https:\/\/myken.eu\/\",\"name\":\"Budownictwo | Myken Development\",\"description\":\"Od wielu lat zajmujemy si\u0119 budownictwem wielorodzinnym, budownictwem przemys\u0142owym oraz dachami przemys\u0142owymi.\",\"publisher\":{\"@id\":\"https:\/\/myken.eu\/#organization\"},\"potentialAction\":[{\"@type\":\"SearchAction\",\"target\":{\"@type\":\"EntryPoint\",\"urlTemplate\":\"https:\/\/myken.eu\/?s={search_term_string}\"},\"query-input\":\"required name=search_term_string\"}],\"inLanguage\":\"pl-PL\"},{\"@type\":\"WebPage\",\"@id\":\"https:\/\/myken.eu\/#webpage\",\"url\":\"https:\/\/myken.eu\/\",\"name\":\"Main | Budownictwo | Myken Development\",\"isPartOf\":{\"@id\":\"https:\/\/myken.eu\/#website\"},\"datePublished\":\"2020-06-03T12:35:45+00:00\",\"dateModified\":\"2020-06-15T10:04:14+00:00\",\"breadcrumb\":{\"@id\":\"https:\/\/myken.eu\/#breadcrumb\"},\"inLanguage\":\"pl-PL\",\"potentialAction\":[{\"@type\":\"ReadAction\",\"target\":[\"https:\/\/myken.eu\/\"]}]},{\"@type\":\"BreadcrumbList\",\"@id\":\"https:\/\/myken.eu\/#breadcrumb\",\"itemListElement\":[{\"@type\":\"ListItem\",\"position\":1,\"name\":\"Strona g\u0142\u00f3wna\",\"item\":\"https:\/\/myken.eu\/\"},{\"@type\":\"ListItem\",\"position\":2,\"name\":\"Main\"}]}]}<\/script>\n<!-- \/ Yoast SEO plugin. -->","yoast_head_json":{"title":"Main | Budownictwo | Myken Development","robots":{"index":"index","follow":"follow","max-snippet":"max-snippet:-1","max-image-preview":"max-image-preview:large","max-video-preview":"max-video-preview:-1"},"canonical":"https:\/\/myken.eu\/","og_locale":"pl_PL","og_type":"article","og_title":"Main | Budownictwo | Myken Development","og_description":"myken development Wybierz DZia\u0142","og_url":"https:\/\/myken.eu\/","og_site_name":"Budownictwo | Myken Development","article_modified_time":"2020-06-15T10:04:14+00:00","twitter_card":"summary_large_image","schema":{"@context":"https:\/\/schema.org","@graph":[{"@type":"Organization","@id":"https:\/\/myken.eu\/#organization","name":"Myken Development","url":"https:\/\/myken.eu\/","sameAs":[],"logo":{"@type":"ImageObject","inLanguage":"pl-PL","@id":"https:\/\/myken.eu\/#\/schema\/logo\/image\/","url":"http:\/\/myken.eu\/wp-content\/uploads\/2020\/02\/Myken-logo-budownictwo.png","contentUrl":"http:\/\/myken.eu\/wp-content\/uploads\/2020\/02\/Myken-logo-budownictwo.png","width":300,"height":201,"caption":"Myken Development"},"image":{"@id":"https:\/\/myken.eu\/#\/schema\/logo\/image\/"}},{"@type":"WebSite","@id":"https:\/\/myken.eu\/#website","url":"https:\/\/myken.eu\/","name":"Budownictwo | Myken Development","description":"Od wielu lat zajmujemy si\u0119 budownictwem wielorodzinnym, budownictwem przemys\u0142owym oraz dachami przemys\u0142owymi.","publisher":{"@id":"https:\/\/myken.eu\/#organization"},"potentialAction":[{"@type":"SearchAction","target":{"@type":"EntryPoint","urlTemplate":"https:\/\/myken.eu\/?s={search_term_string}"},"query-input":"required name=search_term_string"}],"inLanguage":"pl-PL"},{"@type":"WebPage","@id":"https:\/\/myken.eu\/#webpage","url":"https:\/\/myken.eu\/","name":"Main | Budownictwo | Myken Development","isPartOf":{"@id":"https:\/\/myken.eu\/#website"},"datePublished":"2020-06-03T12:35:45+00:00","dateModified":"2020-06-15T10:04:14+00:00","breadcrumb":{"@id":"https:\/\/myken.eu\/#breadcrumb"},"inLanguage":"pl-PL","potentialAction":[{"@type":"ReadAction","target":["https:\/\/myken.eu\/"]}]},{"@type":"BreadcrumbList","@id":"https:\/\/myken.eu\/#breadcrumb","itemListElement":[{"@type":"ListItem","position":1,"name":"Strona g\u0142\u00f3wna","item":"https:\/\/myken.eu\/"},{"@type":"ListItem","position":2,"name":"Main"}]}]}},"_links":{"self":[{"href":"http:\/\/myken.eu\/index.php\/wp-json\/wp\/v2\/pages\/149"}],"collection":[{"href":"http:\/\/myken.eu\/index.php\/wp-json\/wp\/v2\/pages"}],"about":[{"href":"http:\/\/myken.eu\/index.php\/wp-json\/wp\/v2\/types\/page"}],"author":[{"embeddable":true,"href":"http:\/\/myken.eu\/index.php\/wp-json\/wp\/v2\/users\/1"}],"replies":[{"embeddable":true,"href":"http:\/\/myken.eu\/index.php\/wp-json\/wp\/v2\/comments?post=149"}],"version-history":[{"count":12,"href":"http:\/\/myken.eu\/index.php\/wp-json\/wp\/v2\/pages\/149\/revisions"}],"predecessor-version":[{"id":192,"href":"http:\/\/myken.eu\/index.php\/wp-json\/wp\/v2\/pages\/149\/revisions\/192"}],"wp:attachment":[{"href":"http:\/\/myken.eu\/index.php\/wp-json\/wp\/v2\/media?parent=149"}],"curies":[{"name":"wp","href":"https:\/\/api.w.org\/{rel}","templated":true}]}}